{"id":3693,"date":"2024-08-26T09:51:51","date_gmt":"2024-08-26T09:51:51","guid":{"rendered":"https:\/\/drapakigattino.pl\/?page_id=3693"},"modified":"2024-09-10T16:31:44","modified_gmt":"2024-09-10T16:31:44","slug":"promocje-gattino","status":"publish","type":"page","link":"https:\/\/drapakigattino.pl\/en\/promocje-gattino\/","title":{"rendered":"Promotions"},"content":{"rendered":"<div data-elementor-type=\"wp-page\" data-elementor-id=\"3693\" class=\"elementor elementor-3693\">\n\t\t\t\t\t\t<section class=\"elementor-section elementor-top-section elementor-element elementor-element-c49656b elementor-section-content-middle elementor-section-boxed elementor-section-height-default elementor-section-height-default\" data-id=\"c49656b\" data-element_type=\"section\" data-settings=\"{&quot;background_background&quot;:&quot;classic&quot;,&quot;shape_divider_bottom&quot;:&quot;waves&quot;,&quot;shape_divider_bottom_negative&quot;:&quot;yes&quot;,&quot;ekit_has_onepagescroll_dot&quot;:&quot;yes&quot;}\">\n\t\t\t\t\t\t\t<div class=\"elementor-background-overlay\"><\/div>\n\t\t\t\t\t\t<div class=\"elementor-shape elementor-shape-bottom\" data-negative=\"true\">\n\t\t\t<svg xmlns=\"http:\/\/www.w3.org\/2000\/svg\" viewbox=\"0 0 1000 100\" preserveaspectratio=\"none\">\n\t<path class=\"elementor-shape-fill\" d=\"M790.5,93.1c-59.3-5.3-116.8-18-192.6-50c-29.6-12.7-76.9-31-100.5-35.9c-23.6-4.9-52.6-7.8-75.5-5.3\tc-10.2,1.1-22.6,1.4-50.1,7.4c-27.2,6.3-58.2,16.6-79.4,24.7c-41.3,15.9-94.9,21.9-134,22.6C72,58.2,0,25.8,0,25.8V100h1000V65.3\tc0,0-51.5,19.4-106.2,25.7C839.5,97,814.1,95.2,790.5,93.1z\"\/>\n<\/svg>\t\t<\/div>\n\t\t\t\t\t<div class=\"elementor-container elementor-column-gap-default\">\n\t\t\t\t\t<div class=\"elementor-column elementor-col-100 elementor-top-column elementor-element elementor-element-69e34e81\" data-id=\"69e34e81\" data-element_type=\"column\">\n\t\t\t<div class=\"elementor-widget-wrap elementor-element-populated\">\n\t\t\t\t\t\t<div class=\"elementor-element elementor-element-5e4b5a72 elementor-invisible elementor-widget elementor-widget-heading\" data-id=\"5e4b5a72\" data-element_type=\"widget\" data-settings=\"{&quot;_animation&quot;:&quot;fadeInUp&quot;,&quot;ekit_we_effect_on&quot;:&quot;none&quot;}\" data-widget_type=\"heading.default\">\n\t\t\t\t<div class=\"elementor-widget-container\">\n\t\t\t<h1 class=\"elementor-heading-title elementor-size-default\">Promotions<\/h1>\t\t<\/div>\n\t\t\t\t<\/div>\n\t\t\t\t<div class=\"elementor-element elementor-element-23b1fafe elementor-invisible elementor-widget elementor-widget-heading\" data-id=\"23b1fafe\" data-element_type=\"widget\" data-settings=\"{&quot;_animation&quot;:&quot;fadeInDown&quot;,&quot;ekit_we_effect_on&quot;:&quot;none&quot;}\" data-widget_type=\"heading.default\">\n\t\t\t\t<div class=\"elementor-widget-container\">\n\t\t\t<h4 class=\"elementor-heading-title elementor-size-default\">Gattino scratchers\n<\/h4>\t\t<\/div>\n\t\t\t\t<\/div>\n\t\t\t\t<div class=\"elementor-element elementor-element-77a6b69 elementor-absolute elementor-hidden-tablet elementor-hidden-mobile elementor-widget elementor-widget-image\" data-id=\"77a6b69\" data-element_type=\"widget\" data-settings=\"{&quot;_position&quot;:&quot;absolute&quot;,&quot;ekit_we_effect_on&quot;:&quot;none&quot;}\" data-widget_type=\"image.default\">\n\t\t\t\t<div class=\"elementor-widget-container\">\n\t\t\t\t\t\t\t\t\t\t\t\t\t<img fetchpriority=\"high\" decoding=\"async\" width=\"600\" height=\"540\" src=\"https:\/\/drapakigattino.pl\/wp-content\/uploads\/2024\/04\/british-shorthair-scottish-fold-british-longhair-bengal-cat-scotland-ginger-3dae83706af543f00c622d55fc0a8820_magic.png\" class=\"attachment-1536x1536 size-1536x1536 wp-image-1189\" alt=\"Drapaki Gattino - Dla Hodowli - Drapaki Koty - Koty Drapaki - Drapaki z personalizacj\u0105 -Koty Gattino - Drapaki dla kot\u00f3w - Drapaki z logo\" srcset=\"https:\/\/drapakigattino.pl\/wp-content\/uploads\/2024\/04\/british-shorthair-scottish-fold-british-longhair-bengal-cat-scotland-ginger-3dae83706af543f00c622d55fc0a8820_magic.png 600w, https:\/\/drapakigattino.pl\/wp-content\/uploads\/2024\/04\/british-shorthair-scottish-fold-british-longhair-bengal-cat-scotland-ginger-3dae83706af543f00c622d55fc0a8820_magic-300x270.png 300w\" sizes=\"(max-width: 600px) 100vw, 600px\" \/>\t\t\t\t\t\t\t\t\t\t\t\t\t<\/div>\n\t\t\t\t<\/div>\n\t\t\t\t\t<\/div>\n\t\t<\/div>\n\t\t\t\t\t<\/div>\n\t\t<\/section>\n\t\t\t\t<section class=\"elementor-section elementor-top-section elementor-element elementor-element-2cef7d19 elementor-section-boxed elementor-section-height-default elementor-section-height-default\" data-id=\"2cef7d19\" data-element_type=\"section\" data-settings=\"{&quot;ekit_has_onepagescroll_dot&quot;:&quot;yes&quot;}\">\n\t\t\t\t\t\t<div class=\"elementor-container elementor-column-gap-default\">\n\t\t\t\t\t<div class=\"elementor-column elementor-col-100 elementor-top-column elementor-element elementor-element-49fdf4de\" data-id=\"49fdf4de\" data-element_type=\"column\">\n\t\t\t<div class=\"elementor-widget-wrap elementor-element-populated\">\n\t\t\t\t\t\t<section class=\"elementor-section elementor-inner-section elementor-element elementor-element-778b9392 elementor-section-boxed elementor-section-height-default elementor-section-height-default elementor-invisible\" data-id=\"778b9392\" data-element_type=\"section\" data-settings=\"{&quot;animation&quot;:&quot;fadeInUp&quot;,&quot;ekit_has_onepagescroll_dot&quot;:&quot;yes&quot;}\">\n\t\t\t\t\t\t<div class=\"elementor-container elementor-column-gap-default\">\n\t\t\t\t\t<div data-ep-wrapper-link=\"{&quot;url&quot;:&quot;http:\\\/\\\/drapakigattino.pl\\\/product-category\\\/drapaki-z-drewna\\\/&quot;,&quot;is_external&quot;:&quot;&quot;,&quot;nofollow&quot;:&quot;&quot;,&quot;custom_attributes&quot;:&quot;&quot;}\" style=\"cursor: pointer\" class=\"bdt-element-link elementor-column elementor-col-16 elementor-inner-column elementor-element elementor-element-4e477b23\" data-id=\"4e477b23\" data-element_type=\"column\" data-settings=\"{&quot;background_background&quot;:&quot;classic&quot;}\">\n\t\t\t<div class=\"elementor-widget-wrap elementor-element-populated\">\n\t\t\t\t\t\t<div class=\"elementor-element elementor-element-2547e662 elementor-position-top elementor-widget elementor-widget-image-box\" data-id=\"2547e662\" data-element_type=\"widget\" data-settings=\"{&quot;ekit_we_effect_on&quot;:&quot;none&quot;}\" data-widget_type=\"image-box.default\">\n\t\t\t\t<div class=\"elementor-widget-container\">\n\t\t\t<div class=\"elementor-image-box-wrapper\"><figure class=\"elementor-image-box-img\"><a href=\"http:\/\/drapakigattino.pl\/product-category\/drapaki-z-drewna\/\" tabindex=\"-1\"><img decoding=\"async\" src=\"https:\/\/drapakigattino.pl\/wp-content\/uploads\/elementor\/thumbs\/wood-qtijedontbvt54qnc4mbae8enqtv2qlfyfk55v1dz4.png\" title=\"Wooden Scratchers\" alt=\"Drapaki Z Drewna\" loading=\"lazy\" \/><\/a><\/figure><div class=\"elementor-image-box-content\"><div class=\"elementor-image-box-title\"><a href=\"http:\/\/drapakigattino.pl\/product-category\/drapaki-z-drewna\/\">Scratchers <\/a><\/div><p class=\"elementor-image-box-description\">of Wood<\/p><\/div><\/div>\t\t<\/div>\n\t\t\t\t<\/div>\n\t\t\t\t\t<\/div>\n\t\t<\/div>\n\t\t\t\t<div data-ep-wrapper-link=\"{&quot;url&quot;:&quot;http:\\\/\\\/drapakigattino.pl\\\/product-category\\\/drapaki-z-hdf\\\/&quot;,&quot;is_external&quot;:&quot;&quot;,&quot;nofollow&quot;:&quot;&quot;,&quot;custom_attributes&quot;:&quot;&quot;}\" style=\"cursor: pointer\" class=\"bdt-element-link elementor-column elementor-col-16 elementor-inner-column elementor-element elementor-element-9f09d5b\" data-id=\"9f09d5b\" data-element_type=\"column\" data-settings=\"{&quot;background_background&quot;:&quot;classic&quot;}\">\n\t\t\t<div class=\"elementor-widget-wrap elementor-element-populated\">\n\t\t\t\t\t\t<div class=\"elementor-element elementor-element-58be1b14 elementor-position-top elementor-widget elementor-widget-image-box\" data-id=\"58be1b14\" data-element_type=\"widget\" data-settings=\"{&quot;ekit_we_effect_on&quot;:&quot;none&quot;}\" data-widget_type=\"image-box.default\">\n\t\t\t\t<div class=\"elementor-widget-container\">\n\t\t\t<div class=\"elementor-image-box-wrapper\"><figure class=\"elementor-image-box-img\"><a href=\"http:\/\/drapakigattino.pl\/product-category\/drapaki-z-hdf\/\" tabindex=\"-1\"><img decoding=\"async\" src=\"https:\/\/drapakigattino.pl\/wp-content\/uploads\/elementor\/thumbs\/layers-qtije65yanlik91kk1daqg4pwnuxd5rl9ec9bncjcw.png\" title=\"HDF scratchers\" alt=\"Drapaki HDF\" loading=\"lazy\" \/><\/a><\/figure><div class=\"elementor-image-box-content\"><div class=\"elementor-image-box-title\"><a href=\"http:\/\/drapakigattino.pl\/product-category\/drapaki-z-hdf\/\">Scratchers<\/a><\/div><p class=\"elementor-image-box-description\">HDF - COLOR<\/p><\/div><\/div>\t\t<\/div>\n\t\t\t\t<\/div>\n\t\t\t\t\t<\/div>\n\t\t<\/div>\n\t\t\t\t<div data-ep-wrapper-link=\"{&quot;url&quot;:&quot;http:\\\/\\\/drapakigattino.pl\\\/product-category\\\/drapaki-eko\\\/&quot;,&quot;is_external&quot;:&quot;&quot;,&quot;nofollow&quot;:&quot;&quot;,&quot;custom_attributes&quot;:&quot;&quot;}\" style=\"cursor: pointer\" class=\"bdt-element-link elementor-column elementor-col-16 elementor-inner-column elementor-element elementor-element-78648b8c\" data-id=\"78648b8c\" data-element_type=\"column\" data-settings=\"{&quot;background_background&quot;:&quot;classic&quot;}\">\n\t\t\t<div class=\"elementor-widget-wrap elementor-element-populated\">\n\t\t\t\t\t\t<div class=\"elementor-element elementor-element-5ff6569b elementor-position-top elementor-widget elementor-widget-image-box\" data-id=\"5ff6569b\" data-element_type=\"widget\" data-settings=\"{&quot;ekit_we_effect_on&quot;:&quot;none&quot;}\" data-widget_type=\"image-box.default\">\n\t\t\t\t<div class=\"elementor-widget-container\">\n\t\t\t<div class=\"elementor-image-box-wrapper\"><figure class=\"elementor-image-box-img\"><a href=\"http:\/\/drapakigattino.pl\/product-category\/drapaki-eko\/\" tabindex=\"-1\"><img decoding=\"async\" src=\"https:\/\/drapakigattino.pl\/wp-content\/uploads\/elementor\/thumbs\/bio-qtije9xb1zqnuow3y2zt0f6ka7ce7y6ilwy78r6yo0.png\" title=\"EKO scratchers\" alt=\"Drapaki EKO\" loading=\"lazy\" \/><\/a><\/figure><div class=\"elementor-image-box-content\"><div class=\"elementor-image-box-title\"><a href=\"http:\/\/drapakigattino.pl\/product-category\/drapaki-eko\/\">Scratchers<\/a><\/div><p class=\"elementor-image-box-description\"> EKO<\/p><\/div><\/div>\t\t<\/div>\n\t\t\t\t<\/div>\n\t\t\t\t\t<\/div>\n\t\t<\/div>\n\t\t\t\t<div data-ep-wrapper-link=\"{&quot;url&quot;:&quot;http:\\\/\\\/drapakigattino.pl\\\/dla-hodowli\\\/&quot;,&quot;is_external&quot;:&quot;&quot;,&quot;nofollow&quot;:&quot;&quot;,&quot;custom_attributes&quot;:&quot;&quot;}\" style=\"cursor: pointer\" class=\"bdt-element-link elementor-column elementor-col-16 elementor-inner-column elementor-element elementor-element-89c2847\" data-id=\"89c2847\" data-element_type=\"column\" data-settings=\"{&quot;background_background&quot;:&quot;classic&quot;}\">\n\t\t\t<div class=\"elementor-widget-wrap elementor-element-populated\">\n\t\t\t\t\t\t<div class=\"elementor-element elementor-element-956db17 elementor-position-top elementor-widget elementor-widget-image-box\" data-id=\"956db17\" data-element_type=\"widget\" data-settings=\"{&quot;ekit_we_effect_on&quot;:&quot;none&quot;}\" data-widget_type=\"image-box.default\">\n\t\t\t\t<div class=\"elementor-widget-container\">\n\t\t\t<div class=\"elementor-image-box-wrapper\"><figure class=\"elementor-image-box-img\"><a href=\"http:\/\/drapakigattino.pl\/dla-hodowli\/\" tabindex=\"-1\"><img decoding=\"async\" src=\"https:\/\/drapakigattino.pl\/wp-content\/uploads\/elementor\/thumbs\/animal-shelter-qtije8zgv5pdj2xh3kl6fxf3oth1092s9saprh8cu8.png\" title=\"For breeding\" alt=\"Dla Hodowli\" loading=\"lazy\" \/><\/a><\/figure><div class=\"elementor-image-box-content\"><div class=\"elementor-image-box-title\"><a href=\"http:\/\/drapakigattino.pl\/dla-hodowli\/\">Offer<\/a><\/div><p class=\"elementor-image-box-description\">For breeding<\/p><\/div><\/div>\t\t<\/div>\n\t\t\t\t<\/div>\n\t\t\t\t\t<\/div>\n\t\t<\/div>\n\t\t\t\t<div class=\"elementor-column elementor-col-16 elementor-inner-column elementor-element elementor-element-18f9f0d6\" data-id=\"18f9f0d6\" data-element_type=\"column\" data-settings=\"{&quot;background_background&quot;:&quot;classic&quot;}\">\n\t\t\t<div class=\"elementor-widget-wrap elementor-element-populated\">\n\t\t\t\t\t\t<div data-ep-wrapper-link=\"{&quot;url&quot;:&quot;http:\\\/\\\/drapakigattino.pl\\\/my-account\\\/&quot;,&quot;is_external&quot;:&quot;&quot;,&quot;nofollow&quot;:&quot;&quot;,&quot;custom_attributes&quot;:&quot;&quot;}\" style=\"cursor: pointer\" class=\"bdt-element-link elementor-element elementor-element-1ce438e5 elementor-position-top elementor-widget elementor-widget-image-box\" data-id=\"1ce438e5\" data-element_type=\"widget\" data-settings=\"{&quot;ekit_we_effect_on&quot;:&quot;none&quot;}\" data-widget_type=\"image-box.default\">\n\t\t\t\t<div class=\"elementor-widget-container\">\n\t\t\t<div class=\"elementor-image-box-wrapper\"><figure class=\"elementor-image-box-img\"><a href=\"http:\/\/drapakigattino.pl\/my-account\/\" tabindex=\"-1\"><img decoding=\"async\" src=\"https:\/\/drapakigattino.pl\/wp-content\/uploads\/elementor\/thumbs\/login-qtije73shhmsvv07ejrxaxw6i1qakuvblizqsxb56o.png\" title=\"My Account\" alt=\"Moje Konto\" loading=\"lazy\" \/><\/a><\/figure><div class=\"elementor-image-box-content\"><div class=\"elementor-image-box-title\"><a href=\"http:\/\/drapakigattino.pl\/my-account\/\">My<\/a><\/div><p class=\"elementor-image-box-description\">Account<\/p><\/div><\/div>\t\t<\/div>\n\t\t\t\t<\/div>\n\t\t\t\t\t<\/div>\n\t\t<\/div>\n\t\t\t\t<div data-ep-wrapper-link=\"{&quot;url&quot;:&quot;https:\\\/\\\/drapakigattino.pl\\\/pl_pl\\\/promocje-gattino\\\/&quot;,&quot;is_external&quot;:&quot;&quot;,&quot;nofollow&quot;:&quot;&quot;,&quot;custom_attributes&quot;:&quot;&quot;}\" style=\"cursor: pointer\" class=\"bdt-element-link elementor-column elementor-col-16 elementor-inner-column elementor-element elementor-element-50078e52\" data-id=\"50078e52\" data-element_type=\"column\" data-settings=\"{&quot;background_background&quot;:&quot;classic&quot;}\">\n\t\t\t<div class=\"elementor-widget-wrap elementor-element-populated\">\n\t\t\t\t\t\t<div class=\"elementor-element elementor-element-7e87d0 elementor-position-top elementor-widget elementor-widget-image-box\" data-id=\"7e87d0\" data-element_type=\"widget\" data-settings=\"{&quot;ekit_we_effect_on&quot;:&quot;none&quot;}\" data-widget_type=\"image-box.default\">\n\t\t\t\t<div class=\"elementor-widget-container\">\n\t\t\t<div class=\"elementor-image-box-wrapper\"><figure class=\"elementor-image-box-img\"><a href=\"https:\/\/drapakigattino.pl\/pl_pl\/promocje-gattino\/\" tabindex=\"-1\"><img decoding=\"async\" src=\"https:\/\/drapakigattino.pl\/wp-content\/uploads\/elementor\/thumbs\/discount-2-qtijeemi05x3gqpa6n0xuvzv94p8afp6ak7mn4zzsw.png\" title=\"Promotions\" alt=\"Promocje\" loading=\"lazy\" \/><\/a><\/figure><div class=\"elementor-image-box-content\"><div class=\"elementor-image-box-title\"><a href=\"https:\/\/drapakigattino.pl\/pl_pl\/promocje-gattino\/\">Current <\/a><\/div><p class=\"elementor-image-box-description\">Promotions <\/p><\/div><\/div>\t\t<\/div>\n\t\t\t\t<\/div>\n\t\t\t\t\t<\/div>\n\t\t<\/div>\n\t\t\t\t\t<\/div>\n\t\t<\/section>\n\t\t\t\t\t<\/div>\n\t\t<\/div>\n\t\t\t\t\t<\/div>\n\t\t<\/section>\n\t\t\t\t<section class=\"elementor-section elementor-top-section elementor-element elementor-element-66e919b1 elementor-section-boxed elementor-section-height-default elementor-section-height-default\" data-id=\"66e919b1\" data-element_type=\"section\" data-settings=\"{&quot;ekit_has_onepagescroll_dot&quot;:&quot;yes&quot;}\">\n\t\t\t\t\t\t<div class=\"elementor-container elementor-column-gap-default\">\n\t\t\t\t\t<div class=\"elementor-column elementor-col-100 elementor-top-column elementor-element elementor-element-37d52dc6\" data-id=\"37d52dc6\" data-element_type=\"column\">\n\t\t\t<div class=\"elementor-widget-wrap elementor-element-populated\">\n\t\t\t\t\t\t<div class=\"elementor-element elementor-element-50c931f3 elementor-product-loop-item--align-center elementor-grid-mobile-2 elementor-grid-4 elementor-grid-tablet-3 elementor-products-grid elementor-wc-products elementor-show-pagination-border-yes elementor-invisible elementor-widget elementor-widget-woocommerce-products\" data-id=\"50c931f3\" data-element_type=\"widget\" data-settings=\"{&quot;_animation&quot;:&quot;fadeIn&quot;,&quot;_animation_delay&quot;:&quot;200&quot;,&quot;ekit_we_effect_on&quot;:&quot;none&quot;}\" data-widget_type=\"woocommerce-products.default\">\n\t\t\t\t<div class=\"elementor-widget-container\">\n\t\t\t<div class=\"woocommerce columns-4\"><ul class=\"products elementor-grid columns-4\">\n<li class=\"product type-product post-1672 status-publish first instock product_cat-drapaki-serii-gattino product_cat-drapaki-z-drewna product_cat-promocje has-post-thumbnail sale shipping-taxable purchasable product-type-simple\">\n\t<\/li>\n<li class=\"product type-product post-1671 status-publish instock product_cat-drapaki-z-hdf product_cat-promocje has-post-thumbnail sale shipping-taxable purchasable product-type-simple\">\n\t<\/li>\n<li class=\"product type-product post-1667 status-publish instock product_cat-drapaki-z-hdf product_cat-promocje has-post-thumbnail sale shipping-taxable purchasable product-type-simple\">\n\t<\/li>\n<li class=\"product type-product post-1663 status-publish last instock product_cat-drapaki-z-hdf product_cat-promocje has-post-thumbnail sale shipping-taxable purchasable product-type-simple\">\n\t<\/li>\n<li class=\"product type-product post-1659 status-publish first instock product_cat-drapaki-z-hdf product_cat-promocje has-post-thumbnail sale shipping-taxable purchasable product-type-simple\">\n\t<\/li>\n<li class=\"product type-product post-1654 status-publish instock product_cat-promocje product_cat-uncategorized has-post-thumbnail sale shipping-taxable purchasable product-type-simple\">\n\t<\/li>\n<li class=\"product type-product post-1650 status-publish instock product_cat-drapaki-z-hdf product_cat-promocje has-post-thumbnail sale shipping-taxable purchasable product-type-simple\">\n\t<\/li>\n<li class=\"product type-product post-1646 status-publish last instock product_cat-drapaki-z-hdf product_cat-promocje has-post-thumbnail sale shipping-taxable purchasable product-type-simple\">\n\t<\/li>\n<li class=\"product type-product post-1642 status-publish first instock product_cat-drapaki-serii-gattino product_cat-drapaki-z-drewna has-post-thumbnail sale shipping-taxable purchasable product-type-simple\">\n\t<\/li>\n<li class=\"product type-product post-1638 status-publish instock product_cat-drapaki-z-hdf has-post-thumbnail sale shipping-taxable purchasable product-type-simple\">\n\t<\/li>\n<li class=\"product type-product post-1634 status-publish instock product_cat-drapaki-z-hdf has-post-thumbnail sale shipping-taxable purchasable product-type-simple\">\n\t<\/li>\n<li class=\"product type-product post-1630 status-publish last instock product_cat-drapaki-z-hdf has-post-thumbnail sale shipping-taxable purchasable product-type-simple\">\n\t<\/li>\n<li class=\"product type-product post-1626 status-publish first instock product_cat-drapaki-z-hdf has-post-thumbnail sale shipping-taxable purchasable product-type-simple\">\n\t<\/li>\n<li class=\"product type-product post-1622 status-publish instock product_cat-drapaki-z-hdf has-post-thumbnail sale shipping-taxable purchasable product-type-simple\">\n\t<\/li>\n<li class=\"product type-product post-1618 status-publish instock product_cat-drapaki-z-hdf has-post-thumbnail sale shipping-taxable purchasable product-type-simple\">\n\t<\/li>\n<li class=\"product type-product post-1614 status-publish last instock product_cat-drapaki-z-hdf has-post-thumbnail sale shipping-taxable purchasable product-type-simple\">\n\t<\/li>\n<li class=\"product type-product post-1439 status-publish first instock product_cat-drapaki-serii-gattino product_cat-drapaki-z-hdf product_cat-promocje has-post-thumbnail sale shipping-taxable purchasable product-type-simple\">\n\t<\/li>\n<li class=\"product type-product post-1432 status-publish instock product_cat-drapaki-serii-gattino product_cat-drapaki-z-hdf product_cat-promocje has-post-thumbnail sale shipping-taxable purchasable product-type-simple\">\n\t<\/li>\n<li class=\"product type-product post-1424 status-publish instock product_cat-drapaki-serii-gattino product_cat-drapaki-z-hdf product_cat-promocje has-post-thumbnail sale shipping-taxable purchasable product-type-simple\">\n\t<\/li>\n<li class=\"product type-product post-1417 status-publish last instock product_cat-drapaki-serii-gattino product_cat-drapaki-z-hdf product_cat-promocje has-post-thumbnail sale shipping-taxable purchasable product-type-simple\">\n\t<\/li>\n<li class=\"product type-product post-1410 status-publish first instock product_cat-drapaki-serii-gattino product_cat-drapaki-z-hdf product_cat-promocje has-post-thumbnail sale shipping-taxable purchasable product-type-simple\">\n\t<\/li>\n<li class=\"product type-product post-1402 status-publish instock product_cat-drapaki-serii-gattino product_cat-drapaki-z-hdf product_cat-promocje has-post-thumbnail sale shipping-taxable purchasable product-type-simple\">\n\t<\/li>\n<li class=\"product type-product post-1395 status-publish instock product_cat-drapaki-serii-gattino product_cat-drapaki-z-hdf product_cat-promocje has-post-thumbnail sale shipping-taxable purchasable product-type-simple\">\n\t<\/li>\n<\/ul>\n<\/div>\t\t<\/div>\n\t\t\t\t<\/div>\n\t\t\t\t\t<\/div>\n\t\t<\/div>\n\t\t\t\t\t<\/div>\n\t\t<\/section>\n\t\t\t\t<section class=\"elementor-section elementor-top-section elementor-element elementor-element-126e2e69 elementor-section-content-middle elementor-section-boxed elementor-section-height-default elementor-section-height-default\" data-id=\"126e2e69\" data-element_type=\"section\" data-settings=\"{&quot;ekit_has_onepagescroll_dot&quot;:&quot;yes&quot;}\">\n\t\t\t\t\t\t<div class=\"elementor-container elementor-column-gap-default\">\n\t\t\t\t\t<div class=\"elementor-column elementor-col-50 elementor-top-column elementor-element elementor-element-3625ac77 elementor-invisible\" data-id=\"3625ac77\" data-element_type=\"column\" data-settings=\"{&quot;animation&quot;:&quot;fadeInLeft&quot;}\">\n\t\t\t<div class=\"elementor-widget-wrap elementor-element-populated\">\n\t\t\t\t\t\t<div class=\"elementor-element elementor-element-5d4bdb83 elementor-widget elementor-widget-heading\" data-id=\"5d4bdb83\" data-element_type=\"widget\" data-settings=\"{&quot;ekit_we_effect_on&quot;:&quot;none&quot;}\" data-widget_type=\"heading.default\">\n\t\t\t\t<div class=\"elementor-widget-container\">\n\t\t\t<h2 class=\"elementor-heading-title elementor-size-default\">Gattino scratchers\n<\/h2>\t\t<\/div>\n\t\t\t\t<\/div>\n\t\t\t\t<div class=\"elementor-element elementor-element-27edd054 elementor-widget elementor-widget-text-editor\" data-id=\"27edd054\" data-element_type=\"widget\" data-settings=\"{&quot;ekit_we_effect_on&quot;:&quot;none&quot;}\" data-widget_type=\"text-editor.default\">\n\t\t\t\t<div class=\"elementor-widget-container\">\n\t\t\t\t\t\t\t<p>We are here to provide your cat with everything it needs for complete happiness and health. <a href=\"https:\/\/drapakigattino.pl\/\">Gattino scratchers<\/a> is a Polish brand that aims to create the perfect cardboard scratching post for your cat. Our products are a combination of comfort, functionality and modern design.<\/p>\t\t\t\t\t\t<\/div>\n\t\t\t\t<\/div>\n\t\t\t\t\t<\/div>\n\t\t<\/div>\n\t\t\t\t<div class=\"elementor-column elementor-col-50 elementor-top-column elementor-element elementor-element-e3b3409\" data-id=\"e3b3409\" data-element_type=\"column\">\n\t\t\t<div class=\"elementor-widget-wrap elementor-element-populated\">\n\t\t\t\t\t\t<section class=\"elementor-section elementor-inner-section elementor-element elementor-element-4220f5b elementor-section-boxed elementor-section-height-default elementor-section-height-default\" data-id=\"4220f5b\" data-element_type=\"section\" data-settings=\"{&quot;ekit_has_onepagescroll_dot&quot;:&quot;yes&quot;}\">\n\t\t\t\t\t\t<div class=\"elementor-container elementor-column-gap-default\">\n\t\t\t\t\t<div class=\"elementor-column elementor-col-100 elementor-inner-column elementor-element elementor-element-2b494155 elementor-invisible\" data-id=\"2b494155\" data-element_type=\"column\" data-settings=\"{&quot;background_background&quot;:&quot;classic&quot;,&quot;animation&quot;:&quot;bounceIn&quot;,&quot;animation_delay&quot;:&quot;400&quot;}\">\n\t\t\t<div class=\"elementor-widget-wrap elementor-element-populated\">\n\t\t\t\t\t\t<div class=\"elementor-element elementor-element-2f317856 elementor-position-top elementor-widget elementor-widget-image-box\" data-id=\"2f317856\" data-element_type=\"widget\" data-settings=\"{&quot;ekit_we_effect_on&quot;:&quot;none&quot;}\" data-widget_type=\"image-box.default\">\n\t\t\t\t<div class=\"elementor-widget-container\">\n\t\t\t<div class=\"elementor-image-box-wrapper\"><figure class=\"elementor-image-box-img\"><img decoding=\"async\" src=\"https:\/\/drapakigattino.pl\/wp-content\/uploads\/elementor\/thumbs\/gattino-log-qtijdinzjspchzzpd97mi427212r0q6au614bqbdog.png\" title=\"gattino log\" alt=\"Drapaki Gattino\" loading=\"lazy\" \/><\/figure><\/div>\t\t<\/div>\n\t\t\t\t<\/div>\n\t\t\t\t\t<\/div>\n\t\t<\/div>\n\t\t\t\t\t<\/div>\n\t\t<\/section>\n\t\t\t\t\t<\/div>\n\t\t<\/div>\n\t\t\t\t\t<\/div>\n\t\t<\/section>\n\t\t\t\t<\/div>","protected":false},"excerpt":{"rendered":"<p>Drapaki Gattino Drapaki z Drewna Drapaki HDF &#8211; KOLOR Drapaki EKO Oferta Dla Hodowli Moje Konto Aktualne Promocje Drapaki Gattino Jeste\u015bmy tutaj po to, aby zapewni\u0107 Twojemu kotu wszystko, czego potrzebuje do pe\u0142ni szcz\u0119\u015bcia i zdrowia. Drapaki Gattino to polska marka, kt\u00f3rej celem jest stworzenie idealnego drapaka tekturowego dla kota. Nasze produkty to po\u0142\u0105czenie komfortu, [&hellip;]<\/p>","protected":false},"author":1,"featured_media":0,"parent":0,"menu_order":0,"comment_status":"closed","ping_status":"closed","template":"elementor_header_footer","meta":{"postBodyCss":"","postBodyMargin":[],"postBodyPadding":[],"postBodyBackground":{"backgroundType":"classic","gradient":""},"footnotes":""},"_links":{"self":[{"href":"https:\/\/drapakigattino.pl\/en\/wp-json\/wp\/v2\/pages\/3693"}],"collection":[{"href":"https:\/\/drapakigattino.pl\/en\/wp-json\/wp\/v2\/pages"}],"about":[{"href":"https:\/\/drapakigattino.pl\/en\/wp-json\/wp\/v2\/types\/page"}],"author":[{"embeddable":true,"href":"https:\/\/drapakigattino.pl\/en\/wp-json\/wp\/v2\/users\/1"}],"replies":[{"embeddable":true,"href":"https:\/\/drapakigattino.pl\/en\/wp-json\/wp\/v2\/comments?post=3693"}],"version-history":[{"count":22,"href":"https:\/\/drapakigattino.pl\/en\/wp-json\/wp\/v2\/pages\/3693\/revisions"}],"predecessor-version":[{"id":3795,"href":"https:\/\/drapakigattino.pl\/en\/wp-json\/wp\/v2\/pages\/3693\/revisions\/3795"}],"wp:attachment":[{"href":"https:\/\/drapakigattino.pl\/en\/wp-json\/wp\/v2\/media?parent=3693"}],"curies":[{"name":"wp","href":"https:\/\/api.w.org\/{rel}","templated":true}]}}