{"id":1329,"date":"2024-04-30T09:14:37","date_gmt":"2024-04-30T09:14:37","guid":{"rendered":"http:\/\/drapakigattino.pl\/?post_type=product&#038;p=1329"},"modified":"2026-03-27T14:32:25","modified_gmt":"2026-03-27T14:32:25","slug":"drapak-benek-czarny-z-hdf","status":"publish","type":"product","link":"https:\/\/drapakigattino.pl\/en\/product\/drapak-benek-czarny-z-hdf\/","title":{"rendered":"Benek Black HDF"},"content":{"rendered":"<div class=\"flex-1 overflow-hidden\">\n<div class=\"react-scroll-to-bottom--css-socwv-79elbk h-full\">\n<div class=\"react-scroll-to-bottom--css-socwv-1n7m0yu\">\n<div class=\"flex flex-col text-sm pb-9\">\n<div class=\"w-full text-token-text-primary\" dir=\"auto\" data-testid=\"conversation-turn-103\">\n<div class=\"px-4 py-2 justify-center text-base md:gap-6 m-auto\">\n<div class=\"flex flex-1 text-base mx-auto gap-3 juice:gap-4 juice:md:gap-6 md:px-5 lg:px-1 xl:px-5 md:max-w-3xl lg:max-w-[40rem] xl:max-w-[48rem]\">\n<div class=\"relative flex w-full min-w-0 flex-col agent-turn\">\n<div class=\"flex-col gap-1 md:gap-3\">\n<div class=\"flex flex-grow flex-col max-w-full\">\n<div class=\"min-h-[20px] text-message flex flex-col items-start gap-3 whitespace-pre-wrap break-words [.text-message+&amp;]:mt-5 overflow-x-auto\" dir=\"auto\" data-message-author-role=\"assistant\" data-message-id=\"f5d57185-d9c0-4c02-9440-9e972a2637be\">\n<div class=\"markdown prose w-full break-words dark:prose-invert light\">\n<h2 data-sourcepos=\"27:1-27:251\">Benek scratcher<\/h2>\n<\/div>\n<p><strong>Nowoczesny i trwa\u0142y drapak dla kota &#8211; gattino Benek \u2013 idealny wyb\u00f3r dla Twojego pupila!<\/strong><\/p>\n<p>Szukasz funkcjonalnego i estetycznego drapaka dla swojego kota? Nasz\u00a0<strong>drapak z tektury<\/strong> Benek gattino to po\u0142\u0105czenie nowoczesnego designu z wysok\u0105 trwa\u0142o\u015bci\u0105, kt\u00f3re z pewno\u015bci\u0105 spe\u0142ni oczekiwania nawet najbardziej wymagaj\u0105cych w\u0142a\u015bcicieli.<\/p>\n<p>Wykonany z ekologicznych i naturalnych materia\u0142\u00f3w, jest nie tylko przyjazny \u015brodowisku, ale tak\u017ce wyj\u0105tkowo wytrzyma\u0142y. Dzi\u0119ki temu Tw\u00f3j kot b\u0119dzie m\u00f3g\u0142 si\u0119 na nim drapa\u0107, bawi\u0107 i relaksowa\u0107 przez d\u0142ugi czas. Drapak &#8211; legowisko<\/p>\n<p>Nasz oryginalny<strong>\u00a0drapak dla kota<\/strong>\u00a0\u015bwietnie sprawdzi si\u0119 zar\u00f3wno w domu, jak i w mieszkaniu, zapewniaj\u0105c Twojemu pupilowi rozrywk\u0119 i zdrow\u0105 aktywno\u015b\u0107. Jego nowoczesny design wpasuje si\u0119 w ka\u017cde wn\u0119trze, dodaj\u0105c mu stylowego charakteru.<\/p>\n<p>Wybierz ekologiczny<strong>\u00a0drapak dla kota<\/strong>, kt\u00f3ry \u0142\u0105czy funkcjonalno\u015b\u0107 z estetyk\u0105 i dba\u0142o\u015bci\u0105 o \u015brodowisko. To doskona\u0142a inwestycja w komfort i zdrowie Twojego kota!<\/p>\n<p><strong>A scratching post with PERSONALISATION<\/strong><\/p>\n<p><span style=\"font-weight: 400;\">We can engrave your pet's name and personalise the scratching post for them. Just include the name in the message.<\/span><\/p>\n<p><span style=\"font-weight: 400;\">BOX - CAT HOUSE<\/span><\/p>\n<p><span style=\"font-weight: 400;\">Scratchers packed in a box-CAT HOUSE.<\/span><\/p>\n<p><span style=\"font-weight: 400;\">The dimensions of the boxes are similar to the chosen model of scraper<\/span><\/p>\n<p><span style=\"font-weight: 400;\">We pack the larger scratchers in boxes that do not end up \ud83d\uddd1 but are homes for the cats. It is a known fact that all cats love \ud83d\udce6a we operate in the zero waste spirit \ud83c\udf31.<\/span><\/p>\n<p>gattino | drapaki gattino | drapak dla kota | drapaki dla kot\u00f3w | drapak tekturowy | drapak naturalny | ekologiczny drapak | nowoczesny drapak | drapak elegancki | drapak trwa\u0142y| du\u017cy drapak | polska firma | polska marka | przyjazny \u015brodowisku | r\u0119cznie klejony | oryginalne drapaki dla kot\u00f3w<\/p>\n<p class=\"p1\">\n<\/div>\n<\/div>\n<\/div>\n<\/div>\n<\/div>\n<\/div>\n<\/div>\n<\/div>\n<\/div>\n<\/div>\n<\/div>","protected":false},"excerpt":{"rendered":"<p><span style=\"font-weight: 400;\">Made of natural, durable corrugated cardboard, black HDF furniture board, guarantees durability and robustness.<\/span><\/p>\n<p class=\"p1\">Length: 77cm<\/p>\n<p class=\"p1\">Width: 27cm<\/p>\n<p class=\"p1\">Height: 29m<\/p>","protected":false},"featured_media":2450,"comment_status":"open","ping_status":"closed","template":"","meta":{"postBodyCss":"","postBodyMargin":[],"postBodyPadding":[],"postBodyBackground":{"backgroundType":"classic","gradient":""}},"product_cat":[31],"product_tag":[51,109,99,115,106,100,125,120,124,104,101,107,98,105,117],"_links":{"self":[{"href":"https:\/\/drapakigattino.pl\/en\/wp-json\/wp\/v2\/product\/1329"}],"collection":[{"href":"https:\/\/drapakigattino.pl\/en\/wp-json\/wp\/v2\/product"}],"about":[{"href":"https:\/\/drapakigattino.pl\/en\/wp-json\/wp\/v2\/types\/product"}],"replies":[{"embeddable":true,"href":"https:\/\/drapakigattino.pl\/en\/wp-json\/wp\/v2\/comments?post=1329"}],"version-history":[{"count":1,"href":"https:\/\/drapakigattino.pl\/en\/wp-json\/wp\/v2\/product\/1329\/revisions"}],"predecessor-version":[{"id":4384,"href":"https:\/\/drapakigattino.pl\/en\/wp-json\/wp\/v2\/product\/1329\/revisions\/4384"}],"wp:featuredmedia":[{"embeddable":true,"href":"https:\/\/drapakigattino.pl\/en\/wp-json\/wp\/v2\/media\/2450"}],"wp:attachment":[{"href":"https:\/\/drapakigattino.pl\/en\/wp-json\/wp\/v2\/media?parent=1329"}],"wp:term":[{"taxonomy":"product_cat","embeddable":true,"href":"https:\/\/drapakigattino.pl\/en\/wp-json\/wp\/v2\/product_cat?post=1329"},{"taxonomy":"product_tag","embeddable":true,"href":"https:\/\/drapakigattino.pl\/en\/wp-json\/wp\/v2\/product_tag?post=1329"}],"curies":[{"name":"wp","href":"https:\/\/api.w.org\/{rel}","templated":true}]}}