{"id":1343,"date":"2024-04-30T09:39:02","date_gmt":"2024-04-30T09:39:02","guid":{"rendered":"http:\/\/drapakigattino.pl\/?post_type=product&#038;p=1343"},"modified":"2026-03-21T19:06:04","modified_gmt":"2026-03-21T19:06:04","slug":"drapak-benek-popiel-hdf","status":"publish","type":"product","link":"https:\/\/drapakigattino.pl\/en\/product\/drapak-benek-popiel-hdf\/","title":{"rendered":"Benek Ash HDF"},"content":{"rendered":"<h2>Benek scratcher<\/h2>\n<p><strong>Nowoczesny i trwa\u0142y drapak dla kota \u2013 idealny wyb\u00f3r dla Twojego pupila!<\/strong><\/p>\n<p>Szukasz funkcjonalnego i estetycznego drapaka dla swojego kota? Nasz\u00a0<strong>drapak z tektury<\/strong> <strong>Benek<\/strong> to po\u0142\u0105czenie nowoczesnego designu z wysok\u0105 trwa\u0142o\u015bci\u0105, kt\u00f3re z pewno\u015bci\u0105 spe\u0142ni oczekiwania nawet najbardziej wymagaj\u0105cych w\u0142a\u015bcicieli.<\/p>\n<p>Wykonany z ekologicznych i naturalnych materia\u0142\u00f3w, jest nie tylko przyjazny \u015brodowisku, ale tak\u017ce wyj\u0105tkowo wytrzyma\u0142y. Dzi\u0119ki temu Tw\u00f3j kot b\u0119dzie m\u00f3g\u0142 si\u0119 na nim drapa\u0107, bawi\u0107 i relaksowa\u0107 przez d\u0142ugi czas.<\/p>\n<p>Nasz ekologiczny drapak dla kota \u015bwietnie sprawdzi si\u0119 zar\u00f3wno w domu, jak i w mieszkaniu, zapewniaj\u0105c Twojemu pupilowi rozrywk\u0119 i zdrow\u0105 aktywno\u015b\u0107. Jego nowoczesny design wpasuje si\u0119 w ka\u017cde wn\u0119trze, dodaj\u0105c mu stylowego charakteru.<\/p>\n<p>Wybierz drapak dla kota, kt\u00f3ry \u0142\u0105czy funkcjonalno\u015b\u0107 z estetyk\u0105 i dba\u0142o\u015bci\u0105 o \u015brodowisko. Naturalny, r\u0119cznie klejony.\u00a0 To doskona\u0142a inwestycja w komfort i zdrowie Twojego kota!<\/p>\n<p><span style=\"font-weight: 400;\">Drapak z <strong>PERSONALIZACJ\u0104<\/strong><\/span><\/p>\n<p><span style=\"font-weight: 400;\">Mo\u017cemy wygrawerowa\u0107 imi\u0119 Twojego pupila i spersonalizowa\u0107 dla niego drapak. Wystarczy poda\u0107 <strong>imi\u0119 w wiadomo\u015bci<\/strong>.<\/span><\/p>\n<p><span style=\"font-weight: 400;\">BOX - CAT HOUSE<\/span><\/p>\n<p><span style=\"font-weight: 400;\">Scratchers packed in a box-CAT HOUSE.<\/span><\/p>\n<p><span style=\"font-weight: 400;\">The dimensions of the boxes are similar to the chosen model of scraper<\/span><\/p>\n<p><span style=\"font-weight: 400;\">We pack the larger scratchers in boxes that do not end up \ud83d\uddd1 but are homes for the cats. It is a known fact that all cats love \ud83d\udce6a we operate in the zero waste spirit \ud83c\udf31.<\/span><\/p>\n<p>&nbsp;<\/p>\n<p>drapaki gattino | drapak Benek | drapak HDF | drapak popiel | legowisko dla kot\u00f3w | legowisko dla kota | tekturowe drapaki dla kot\u00f3w | ekologiczne drapaki dla kota | oryginalne drapaki dla kot\u00f3w | trwa\u0142y drapak dla kota<\/p>\n<p>&nbsp;<\/p>","protected":false},"excerpt":{"rendered":"<p><span style=\"font-weight: 400;\">Drapak z tektury Benek. Wykonany z naturalnej, wytrzyma\u0142ej tektury falistej, popielowej p\u0142yty meblowej HDF, gwarantuje trwa\u0142o\u015b\u0107 i solidno\u015b\u0107.<\/span><\/p>\n<p class=\"p1\">Length: 77cm<\/p>\n<p class=\"p1\">Width: 27cm<\/p>\n<p class=\"p1\">Height: 29m<\/p>","protected":false},"featured_media":2447,"comment_status":"open","ping_status":"closed","template":"","meta":{"postBodyCss":"","postBodyMargin":[],"postBodyPadding":[],"postBodyBackground":{"backgroundType":"classic","gradient":""}},"product_cat":[31],"product_tag":[108,122,121,51,109,99,115,119,100,123,120,110,89,104,101,116,107,98,118,117],"_links":{"self":[{"href":"https:\/\/drapakigattino.pl\/en\/wp-json\/wp\/v2\/product\/1343"}],"collection":[{"href":"https:\/\/drapakigattino.pl\/en\/wp-json\/wp\/v2\/product"}],"about":[{"href":"https:\/\/drapakigattino.pl\/en\/wp-json\/wp\/v2\/types\/product"}],"replies":[{"embeddable":true,"href":"https:\/\/drapakigattino.pl\/en\/wp-json\/wp\/v2\/comments?post=1343"}],"version-history":[{"count":1,"href":"https:\/\/drapakigattino.pl\/en\/wp-json\/wp\/v2\/product\/1343\/revisions"}],"predecessor-version":[{"id":2058,"href":"https:\/\/drapakigattino.pl\/en\/wp-json\/wp\/v2\/product\/1343\/revisions\/2058"}],"wp:featuredmedia":[{"embeddable":true,"href":"https:\/\/drapakigattino.pl\/en\/wp-json\/wp\/v2\/media\/2447"}],"wp:attachment":[{"href":"https:\/\/drapakigattino.pl\/en\/wp-json\/wp\/v2\/media?parent=1343"}],"wp:term":[{"taxonomy":"product_cat","embeddable":true,"href":"https:\/\/drapakigattino.pl\/en\/wp-json\/wp\/v2\/product_cat?post=1343"},{"taxonomy":"product_tag","embeddable":true,"href":"https:\/\/drapakigattino.pl\/en\/wp-json\/wp\/v2\/product_tag?post=1343"}],"curies":[{"name":"wp","href":"https:\/\/api.w.org\/{rel}","templated":true}]}}