{"id":1495,"date":"2024-05-04T11:37:32","date_gmt":"2024-05-04T11:37:32","guid":{"rendered":"http:\/\/drapakigattino.pl\/?post_type=product&#038;p=1495"},"modified":"2025-07-01T16:18:56","modified_gmt":"2025-07-01T16:18:56","slug":"drapak-puszek-sonoma-hdf","status":"publish","type":"product","link":"https:\/\/drapakigattino.pl\/en\/product\/drapak-puszek-sonoma-hdf\/","title":{"rendered":"Puszek Sonoma HDF"},"content":{"rendered":"<h2><b>Drapak Puszek &#8211; Sonoma<\/b><\/h2>\n<p><span style=\"font-weight: 400;\">Multi-functional Cardboard scratching post, bed, cat house by Gattino.<\/span><\/p>\n<p><span style=\"font-weight: 400;\">Designed to meet the daily needs of scratching and sharpening your pet's claws. Made from natural, durable corrugated cardboard, HDF furniture board, it guarantees durability and sturdiness. Its designer look blends in perfectly with modern interiors, adding a unique touch.<\/span><\/p>\n<p>&nbsp;<\/p>\n<p><span style=\"font-weight: 400;\">A scratching post with PERSONALISATION<\/span><\/p>\n<p><span style=\"font-weight: 400;\">We can engrave your pet's name and personalise the scratching post for them. Just include the name in the message.<\/span><\/p>","protected":false},"excerpt":{"rendered":"<p><span style=\"font-weight: 400;\">Drapak Puszek wykonany z naturalnej, wytrzyma\u0142ej tektury falistej, p\u0142yty meblowej HDF, gwarantuje trwa\u0142o\u015b\u0107 i solidno\u015b\u0107.<\/span><\/p>\n<p><span style=\"font-weight: 400;\">Length: 38cm<\/span><\/p>\n<p><span style=\"font-weight: 400;\">Width: 38cm<\/span><\/p>\n<p><span style=\"font-weight: 400;\">Height: 39m<\/span><\/p>\n<p>POLISH PRODUCT<\/p>","protected":false},"featured_media":1499,"comment_status":"open","ping_status":"closed","template":"","meta":{"postBodyCss":"","postBodyMargin":[],"postBodyPadding":[],"postBodyBackground":{"backgroundType":"classic","gradient":""}},"product_cat":[31],"product_tag":[],"_links":{"self":[{"href":"https:\/\/drapakigattino.pl\/en\/wp-json\/wp\/v2\/product\/1495"}],"collection":[{"href":"https:\/\/drapakigattino.pl\/en\/wp-json\/wp\/v2\/product"}],"about":[{"href":"https:\/\/drapakigattino.pl\/en\/wp-json\/wp\/v2\/types\/product"}],"replies":[{"embeddable":true,"href":"https:\/\/drapakigattino.pl\/en\/wp-json\/wp\/v2\/comments?post=1495"}],"version-history":[{"count":1,"href":"https:\/\/drapakigattino.pl\/en\/wp-json\/wp\/v2\/product\/1495\/revisions"}],"predecessor-version":[{"id":2065,"href":"https:\/\/drapakigattino.pl\/en\/wp-json\/wp\/v2\/product\/1495\/revisions\/2065"}],"wp:featuredmedia":[{"embeddable":true,"href":"https:\/\/drapakigattino.pl\/en\/wp-json\/wp\/v2\/media\/1499"}],"wp:attachment":[{"href":"https:\/\/drapakigattino.pl\/en\/wp-json\/wp\/v2\/media?parent=1495"}],"wp:term":[{"taxonomy":"product_cat","embeddable":true,"href":"https:\/\/drapakigattino.pl\/en\/wp-json\/wp\/v2\/product_cat?post=1495"},{"taxonomy":"product_tag","embeddable":true,"href":"https:\/\/drapakigattino.pl\/en\/wp-json\/wp\/v2\/product_tag?post=1495"}],"curies":[{"name":"wp","href":"https:\/\/api.w.org\/{rel}","templated":true}]}}