{"id":1614,"date":"2024-05-07T09:15:24","date_gmt":"2024-05-07T09:15:24","guid":{"rendered":"https:\/\/drapakigattino.pl\/?post_type=product&#038;p=1614"},"modified":"2025-07-01T16:26:17","modified_gmt":"2025-07-01T16:26:17","slug":"drapak-tomi-sonoma-hdf","status":"publish","type":"product","link":"https:\/\/drapakigattino.pl\/en\/product\/drapak-tomi-sonoma-hdf\/","title":{"rendered":"Tomi Sonoma HDF"},"content":{"rendered":"<h2>Drapak Tomi &#8211; Sonoma<\/h2>\n<p><span style=\"font-weight: 400;\">Cardboard scratching post, cat bed by Gattino.<\/span><\/p>\n<p><span style=\"font-weight: 400;\">Designed to meet the daily needs of scratching and sharpening your pet's claws. Made from natural, durable corrugated cardboard, HDF furniture board, it guarantees durability and sturdiness. Its designer look blends in perfectly with modern interiors, adding a unique touch.<\/span><\/p>\n<p>&nbsp;<\/p>\n<p><span style=\"font-weight: 400;\">A scratching post with PERSONALISATION<\/span><\/p>\n<p><span style=\"font-weight: 400;\">We can engrave your pet's name and personalise the scratching post for them. Just include the name in the message.<\/span><\/p>\n<p>&nbsp;<\/p>\n<p><span style=\"font-weight: 400;\">BOX - CAT HOUSE<\/span><\/p>\n<p><span style=\"font-weight: 400;\">Scratchers packed in a box-CAT HOUSE.<\/span><\/p>\n<p><span style=\"font-weight: 400;\">The dimensions of the boxes are similar to the chosen model of scraper<\/span><\/p>\n<p>&nbsp;<\/p>","protected":false},"excerpt":{"rendered":"<p><span style=\"font-weight: 400;\">Drapak wykonany z naturalnej, wytrzyma\u0142ej tektury falistej, \u00a0p\u0142yty meblowej HDF, gwarantuje trwa\u0142o\u015b\u0107 i solidno\u015b\u0107. <\/span><\/p>\n<p><span style=\"font-weight: 400;\">Length: 65cm<\/span><\/p>\n<p><span style=\"font-weight: 400;\">Width: 27cm<\/span><\/p>\n<p><span style=\"font-weight: 400;\">Height: 18.5cm<\/span><\/p>\n<p>POLISH PRODUCT<\/p>","protected":false},"featured_media":1617,"comment_status":"open","ping_status":"closed","template":"","meta":{"postBodyCss":"","postBodyMargin":[],"postBodyPadding":[],"postBodyBackground":{"backgroundType":"classic","gradient":""}},"product_cat":[31],"product_tag":[],"_links":{"self":[{"href":"https:\/\/drapakigattino.pl\/en\/wp-json\/wp\/v2\/product\/1614"}],"collection":[{"href":"https:\/\/drapakigattino.pl\/en\/wp-json\/wp\/v2\/product"}],"about":[{"href":"https:\/\/drapakigattino.pl\/en\/wp-json\/wp\/v2\/types\/product"}],"replies":[{"embeddable":true,"href":"https:\/\/drapakigattino.pl\/en\/wp-json\/wp\/v2\/comments?post=1614"}],"version-history":[{"count":1,"href":"https:\/\/drapakigattino.pl\/en\/wp-json\/wp\/v2\/product\/1614\/revisions"}],"predecessor-version":[{"id":2183,"href":"https:\/\/drapakigattino.pl\/en\/wp-json\/wp\/v2\/product\/1614\/revisions\/2183"}],"wp:featuredmedia":[{"embeddable":true,"href":"https:\/\/drapakigattino.pl\/en\/wp-json\/wp\/v2\/media\/1617"}],"wp:attachment":[{"href":"https:\/\/drapakigattino.pl\/en\/wp-json\/wp\/v2\/media?parent=1614"}],"wp:term":[{"taxonomy":"product_cat","embeddable":true,"href":"https:\/\/drapakigattino.pl\/en\/wp-json\/wp\/v2\/product_cat?post=1614"},{"taxonomy":"product_tag","embeddable":true,"href":"https:\/\/drapakigattino.pl\/en\/wp-json\/wp\/v2\/product_tag?post=1614"}],"curies":[{"name":"wp","href":"https:\/\/api.w.org\/{rel}","templated":true}]}}