{"id":1680,"date":"2024-05-07T11:36:19","date_gmt":"2024-05-07T11:36:19","guid":{"rendered":"https:\/\/drapakigattino.pl\/?post_type=product&#038;p=1680"},"modified":"2025-07-01T14:31:42","modified_gmt":"2025-07-01T14:31:42","slug":"drapak-luna-sonoma-hdf","status":"publish","type":"product","link":"https:\/\/drapakigattino.pl\/en\/product\/drapak-luna-sonoma-hdf\/","title":{"rendered":"Luna Sonoma HDF"},"content":{"rendered":"<h2>Drapak Luna &#8211; Sonoma<\/h2>\n<p><span style=\"font-weight: 400;\">Kartonowy wielofunkcyjny\u00a0 tekturowy drapak, legowisko, domek dla kota marki Gattino.<\/span><\/p>\n<p><span style=\"font-weight: 400;\">Designed to meet the daily needs of scratching and sharpening your pet's claws. Made from natural, durable corrugated cardboard, HDF furniture board, it guarantees durability and sturdiness. Its designer look blends in perfectly with modern interiors, adding a unique touch.<\/span><\/p>\n<p>&nbsp;<\/p>\n<p><span style=\"font-weight: 400;\">A scratching post with PERSONALISATION<\/span><\/p>\n<p><span style=\"font-weight: 400;\">We can engrave your pet's name and personalise the scratching post for them. Just include the name in the message.<\/span><\/p>\n<p>&nbsp;<\/p>\n<p><span style=\"font-weight: 400;\">BOX - CAT HOUSE<\/span><\/p>\n<p><span style=\"font-weight: 400;\">Scratchers packed in a box-CAT HOUSE.<\/span><\/p>\n<p><span style=\"font-weight: 400;\">The dimensions of the boxes are similar to the chosen model of scraper<\/span><\/p>\n<p><br style=\"font-weight: 400;\" \/><br style=\"font-weight: 400;\" \/><\/p>","protected":false},"excerpt":{"rendered":"<p><span style=\"font-weight: 400;\">Kartonowy drapak dla kota\u00a0 Luna wykonany z naturalnej, wytrzyma\u0142ej tektury falistej, p\u0142yty meblowej HDF, gwarantuje trwa\u0142o\u015b\u0107 i solidno\u015b\u0107.<\/span><\/p>\n<p><span style=\"font-weight: 400;\">Length: 37cm<\/span><\/p>\n<p><span style=\"font-weight: 400;\">Width: 36cm<\/span><\/p>\n<p><span style=\"font-weight: 400;\">Height: 23cm<\/span><\/p>\n<p>POLISH PRODUCT<\/p>","protected":false},"featured_media":1681,"comment_status":"open","ping_status":"closed","template":"","meta":{"postBodyCss":"","postBodyMargin":[],"postBodyPadding":[],"postBodyBackground":{"backgroundType":"classic","gradient":""}},"product_cat":[31],"product_tag":[],"_links":{"self":[{"href":"https:\/\/drapakigattino.pl\/en\/wp-json\/wp\/v2\/product\/1680"}],"collection":[{"href":"https:\/\/drapakigattino.pl\/en\/wp-json\/wp\/v2\/product"}],"about":[{"href":"https:\/\/drapakigattino.pl\/en\/wp-json\/wp\/v2\/types\/product"}],"replies":[{"embeddable":true,"href":"https:\/\/drapakigattino.pl\/en\/wp-json\/wp\/v2\/comments?post=1680"}],"version-history":[{"count":1,"href":"https:\/\/drapakigattino.pl\/en\/wp-json\/wp\/v2\/product\/1680\/revisions"}],"predecessor-version":[{"id":2074,"href":"https:\/\/drapakigattino.pl\/en\/wp-json\/wp\/v2\/product\/1680\/revisions\/2074"}],"wp:featuredmedia":[{"embeddable":true,"href":"https:\/\/drapakigattino.pl\/en\/wp-json\/wp\/v2\/media\/1681"}],"wp:attachment":[{"href":"https:\/\/drapakigattino.pl\/en\/wp-json\/wp\/v2\/media?parent=1680"}],"wp:term":[{"taxonomy":"product_cat","embeddable":true,"href":"https:\/\/drapakigattino.pl\/en\/wp-json\/wp\/v2\/product_cat?post=1680"},{"taxonomy":"product_tag","embeddable":true,"href":"https:\/\/drapakigattino.pl\/en\/wp-json\/wp\/v2\/product_tag?post=1680"}],"curies":[{"name":"wp","href":"https:\/\/api.w.org\/{rel}","templated":true}]}}