{"id":1715,"date":"2024-05-07T12:12:49","date_gmt":"2024-05-07T12:12:49","guid":{"rendered":"https:\/\/drapakigattino.pl\/?post_type=product&#038;p=1715"},"modified":"2025-07-01T13:59:43","modified_gmt":"2025-07-01T13:59:43","slug":"drapak-felek-sonoma-hdf","status":"publish","type":"product","link":"https:\/\/drapakigattino.pl\/en\/product\/drapak-felek-sonoma-hdf\/","title":{"rendered":"Felek Sonoma HDF"},"content":{"rendered":"<div class=\"flex-1 overflow-hidden\">\n<div class=\"react-scroll-to-bottom--css-ukgyt-79elbk h-full\">\n<div class=\"react-scroll-to-bottom--css-ukgyt-1n7m0yu\">\n<div class=\"flex flex-col text-sm pb-9\">\n<div class=\"w-full text-token-text-primary\" dir=\"auto\" data-testid=\"conversation-turn-53\" data-scroll-anchor=\"true\">\n<div class=\"py-2 px-3 text-base md:px-4 m-auto md:px-5 lg:px-1 xl:px-5\">\n<div class=\"mx-auto flex flex-1 gap-3 text-base juice:gap-4 juice:md:gap-6 md:max-w-3xl lg:max-w-[40rem] xl:max-w-[48rem]\">\n<div class=\"relative flex w-full min-w-0 flex-col agent-turn\">\n<div class=\"flex-col gap-1 md:gap-3\">\n<div class=\"flex flex-grow flex-col max-w-full\">\n<div class=\"min-h-[20px] text-message flex flex-col items-start whitespace-pre-wrap break-words [.text-message+&amp;]:mt-5 overflow-x-auto gap-3\" dir=\"auto\" data-message-author-role=\"assistant\" data-message-id=\"02d1d235-2804-41ff-8ee8-3e1eab427b9d\">\n<div class=\"markdown prose w-full break-words dark:prose-invert light\">\n<h2>Drapak Felek &#8211; Sonoma<\/h2>\n<p><span style=\"font-weight: 400;\">Multi-functional Cardboard scratching post, bed, cat house by Gattino.<\/span><\/p>\n<p><span style=\"font-weight: 400;\">Designed to meet the daily needs of scratching and sharpening your pet's claws. Made from natural, durable corrugated cardboard, HDF furniture board, it guarantees durability and sturdiness. Its designer look blends in perfectly with modern interiors, adding a unique touch.<\/span><\/p>\n<p>&nbsp;<\/p>\n<p><span style=\"font-weight: 400;\">A scratching post with PERSONALISATION<\/span><\/p>\n<p><span style=\"font-weight: 400;\">We can engrave your pet's name and personalise the scratching post for them. Just include the name in the message.<\/span><\/p>\n<p>&nbsp;<\/p>\n<p><span style=\"font-weight: 400;\">BOX - CAT HOUSE<\/span><\/p>\n<p><span style=\"font-weight: 400;\">Scratchers packed in a box-CAT HOUSE.<\/span><\/p>\n<p><span style=\"font-weight: 400;\">The dimensions of the boxes are similar to the chosen model of scraper<\/span><\/p>\n<p>&nbsp;<\/p>\n<\/div>\n<\/div>\n<\/div>\n<\/div>\n<\/div>\n<\/div>\n<\/div>\n<\/div>\n<\/div>\n<\/div>\n<\/div>\n<\/div>\n<div class=\"w-full md:pt-0 dark:border-white\/20 md:border-transparent md:dark:border-transparent md:w-[calc(100%-.5rem)] juice:w-full\">\n<div class=\"px-3 text-base md:px-4 m-auto md:px-5 lg:px-1 xl:px-5\">\n<div class=\"mx-auto flex flex-1 gap-3 text-base juice:gap-4 juice:md:gap-6 md:max-w-3xl lg:max-w-[40rem] xl:max-w-[48rem]\">\n<form class=\"w-full\" action=\"\">\n<div class=\"relative flex h-full max-w-full flex-1 flex-col\">\n<div class=\"flex w-full items-center\"><\/div>\n<\/div>\n<input type=\"hidden\" name=\"trp-form-language\" value=\"en\"\/><\/form>\n<\/div>\n<\/div>\n<\/div>","protected":false},"excerpt":{"rendered":"<p><span style=\"font-weight: 400;\">Drapak dla kota Felek Wykonany z naturalnej, wytrzyma\u0142ej tektury falistej, p\u0142yty meblowej HDF, gwarantuje trwa\u0142o\u015b\u0107 i solidno\u015b\u0107.<\/span><\/p>\n<p><span style=\"font-weight: 400;\">Length: 37cm<\/span><\/p>\n<p><span style=\"font-weight: 400;\">Width: 30cm<\/span><\/p>\n<p><span style=\"font-weight: 400;\">Height 30cm<\/span><\/p>\n<p>POLISH PRODUCT<\/p>","protected":false},"featured_media":2436,"comment_status":"open","ping_status":"closed","template":"","meta":{"postBodyCss":"","postBodyMargin":[],"postBodyPadding":[],"postBodyBackground":{"backgroundType":"classic","gradient":""}},"product_cat":[31],"product_tag":[],"_links":{"self":[{"href":"https:\/\/drapakigattino.pl\/en\/wp-json\/wp\/v2\/product\/1715"}],"collection":[{"href":"https:\/\/drapakigattino.pl\/en\/wp-json\/wp\/v2\/product"}],"about":[{"href":"https:\/\/drapakigattino.pl\/en\/wp-json\/wp\/v2\/types\/product"}],"replies":[{"embeddable":true,"href":"https:\/\/drapakigattino.pl\/en\/wp-json\/wp\/v2\/comments?post=1715"}],"version-history":[{"count":1,"href":"https:\/\/drapakigattino.pl\/en\/wp-json\/wp\/v2\/product\/1715\/revisions"}],"predecessor-version":[{"id":4418,"href":"https:\/\/drapakigattino.pl\/en\/wp-json\/wp\/v2\/product\/1715\/revisions\/4418"}],"wp:featuredmedia":[{"embeddable":true,"href":"https:\/\/drapakigattino.pl\/en\/wp-json\/wp\/v2\/media\/2436"}],"wp:attachment":[{"href":"https:\/\/drapakigattino.pl\/en\/wp-json\/wp\/v2\/media?parent=1715"}],"wp:term":[{"taxonomy":"product_cat","embeddable":true,"href":"https:\/\/drapakigattino.pl\/en\/wp-json\/wp\/v2\/product_cat?post=1715"},{"taxonomy":"product_tag","embeddable":true,"href":"https:\/\/drapakigattino.pl\/en\/wp-json\/wp\/v2\/product_tag?post=1715"}],"curies":[{"name":"wp","href":"https:\/\/api.w.org\/{rel}","templated":true}]}}