{"id":1756,"date":"2024-05-07T13:09:40","date_gmt":"2024-05-07T13:09:40","guid":{"rendered":"https:\/\/drapakigattino.pl\/?post_type=product&#038;p=1756"},"modified":"2025-07-01T16:05:56","modified_gmt":"2025-07-01T16:05:56","slug":"drapak-pazur-sonoma-hdf","status":"publish","type":"product","link":"https:\/\/drapakigattino.pl\/en\/product\/drapak-pazur-sonoma-hdf\/","title":{"rendered":"Pazur Sonoma HDF"},"content":{"rendered":"<h2>Drapak Pazur &#8211; Sonoma<\/h2>\n<p><span style=\"font-weight: 400;\">Cardboard scratching post, bed by Gattino created to meet the daily needs of your pet. It perfectly satisfies the daily needs of scratching and claw sharpening. Made of natural, durable corrugated cardboard, HDF furniture board, it guarantees durability and sturdiness. Its designer look blends in perfectly with modern interiors, adding a unique touch.<\/span><\/p>\n<p>&nbsp;<\/p>\n<p><span style=\"font-weight: 400;\">A scratching post with PERSONALISATION<\/span><\/p>\n<p><span style=\"font-weight: 400;\">We can engrave your pet's name and personalise the scratching post for them. Just include the name in the message.<\/span><\/p>\n<p><br style=\"font-weight: 400;\" \/><br style=\"font-weight: 400;\" \/><\/p>","protected":false},"excerpt":{"rendered":"<p><span style=\"font-weight: 400;\">Drapak kartonowy wykonany z naturalnej, wytrzyma\u0142ej tektury falistej, \u00a0p\u0142yty meblowej HDF, gwarantuje trwa\u0142o\u015b\u0107 i solidno\u015b\u0107.<\/span><\/p>\n<p><span style=\"font-weight: 400;\">Length: 65cm<\/span><\/p>\n<p><span style=\"font-weight: 400;\">Width: 27cm<\/span><\/p>\n<p><span style=\"font-weight: 400;\">Height: 9.5cm<\/span><\/p>\n<p>POLISH PRODUCT<\/p>","protected":false},"featured_media":1758,"comment_status":"open","ping_status":"closed","template":"","meta":{"postBodyCss":"","postBodyMargin":[],"postBodyPadding":[],"postBodyBackground":{"backgroundType":"classic","gradient":""}},"product_cat":[31],"product_tag":[],"_links":{"self":[{"href":"https:\/\/drapakigattino.pl\/en\/wp-json\/wp\/v2\/product\/1756"}],"collection":[{"href":"https:\/\/drapakigattino.pl\/en\/wp-json\/wp\/v2\/product"}],"about":[{"href":"https:\/\/drapakigattino.pl\/en\/wp-json\/wp\/v2\/types\/product"}],"replies":[{"embeddable":true,"href":"https:\/\/drapakigattino.pl\/en\/wp-json\/wp\/v2\/comments?post=1756"}],"version-history":[{"count":1,"href":"https:\/\/drapakigattino.pl\/en\/wp-json\/wp\/v2\/product\/1756\/revisions"}],"predecessor-version":[{"id":4428,"href":"https:\/\/drapakigattino.pl\/en\/wp-json\/wp\/v2\/product\/1756\/revisions\/4428"}],"wp:featuredmedia":[{"embeddable":true,"href":"https:\/\/drapakigattino.pl\/en\/wp-json\/wp\/v2\/media\/1758"}],"wp:attachment":[{"href":"https:\/\/drapakigattino.pl\/en\/wp-json\/wp\/v2\/media?parent=1756"}],"wp:term":[{"taxonomy":"product_cat","embeddable":true,"href":"https:\/\/drapakigattino.pl\/en\/wp-json\/wp\/v2\/product_cat?post=1756"},{"taxonomy":"product_tag","embeddable":true,"href":"https:\/\/drapakigattino.pl\/en\/wp-json\/wp\/v2\/product_tag?post=1756"}],"curies":[{"name":"wp","href":"https:\/\/api.w.org\/{rel}","templated":true}]}}