{"id":1799,"date":"2024-05-09T19:25:58","date_gmt":"2024-05-09T19:25:58","guid":{"rendered":"https:\/\/drapakigattino.pl\/?post_type=product&#038;p=1799"},"modified":"2025-07-01T14:08:43","modified_gmt":"2025-07-01T14:08:43","slug":"drapak-filemon-sonoma-hdf","status":"publish","type":"product","link":"https:\/\/drapakigattino.pl\/en\/product\/drapak-filemon-sonoma-hdf\/","title":{"rendered":"Filemon Sonoma HDF"},"content":{"rendered":"<h2>Drapak Filemon &#8211; Sonoma<\/h2>\n<p><span style=\"font-weight: 400;\">Tekturowe legowisko kartonowy drapak dla kota gattino. Wykonany z naturalnej, wytrzyma\u0142ej tektury falistej, \u00a0p\u0142yty meblowej HDF, gwarantuje trwa\u0142o\u015b\u0107 i solidno\u015b\u0107. Jego designerski wygl\u0105d doskonale komponuje si\u0119 z nowoczesnymi wn\u0119trzami, dodaj\u0105c im wyj\u0105tkowego charakteru. Idealany do odpoczynku.<\/span><\/p>\n<p><br style=\"font-weight: 400;\" \/><br style=\"font-weight: 400;\" \/><\/p>","protected":false},"excerpt":{"rendered":"<p><span style=\"font-weight: 400;\">Drapak dla kota Filemon\u00a0<\/span><\/p>\n<p>WYMIARY:<\/p>\n<p><span style=\"font-weight: 400;\">Diameter: 36.5cm<\/span><\/p>\n<p><span style=\"font-weight: 400;\">Height: 11cm<\/span><\/p>\n<p>POLISH PRODUCT<\/p>","protected":false},"featured_media":1801,"comment_status":"open","ping_status":"closed","template":"","meta":{"postBodyCss":"","postBodyMargin":[],"postBodyPadding":[],"postBodyBackground":{"backgroundType":"classic","gradient":""}},"product_cat":[31],"product_tag":[],"_links":{"self":[{"href":"https:\/\/drapakigattino.pl\/en\/wp-json\/wp\/v2\/product\/1799"}],"collection":[{"href":"https:\/\/drapakigattino.pl\/en\/wp-json\/wp\/v2\/product"}],"about":[{"href":"https:\/\/drapakigattino.pl\/en\/wp-json\/wp\/v2\/types\/product"}],"replies":[{"embeddable":true,"href":"https:\/\/drapakigattino.pl\/en\/wp-json\/wp\/v2\/comments?post=1799"}],"version-history":[{"count":1,"href":"https:\/\/drapakigattino.pl\/en\/wp-json\/wp\/v2\/product\/1799\/revisions"}],"predecessor-version":[{"id":2080,"href":"https:\/\/drapakigattino.pl\/en\/wp-json\/wp\/v2\/product\/1799\/revisions\/2080"}],"wp:featuredmedia":[{"embeddable":true,"href":"https:\/\/drapakigattino.pl\/en\/wp-json\/wp\/v2\/media\/1801"}],"wp:attachment":[{"href":"https:\/\/drapakigattino.pl\/en\/wp-json\/wp\/v2\/media?parent=1799"}],"wp:term":[{"taxonomy":"product_cat","embeddable":true,"href":"https:\/\/drapakigattino.pl\/en\/wp-json\/wp\/v2\/product_cat?post=1799"},{"taxonomy":"product_tag","embeddable":true,"href":"https:\/\/drapakigattino.pl\/en\/wp-json\/wp\/v2\/product_tag?post=1799"}],"curies":[{"name":"wp","href":"https:\/\/api.w.org\/{rel}","templated":true}]}}