{"id":1917,"date":"2024-05-10T08:58:20","date_gmt":"2024-05-10T08:58:20","guid":{"rendered":"https:\/\/drapakigattino.pl\/?post_type=product&#038;p=1917"},"modified":"2025-07-01T16:02:32","modified_gmt":"2025-07-01T16:02:32","slug":"drapak-mruczek-sonoma-hdf","status":"publish","type":"product","link":"https:\/\/drapakigattino.pl\/en\/product\/drapak-mruczek-sonoma-hdf\/","title":{"rendered":"Mruczek Sonoma HDF"},"content":{"rendered":"<h2>Drapak Mruczek &#8211; Sonoma<\/h2>\n<p><span style=\"font-weight: 400;\">Cardboard scratching post by Gattino created to meet the daily needs of your pet. Made from natural, durable corrugated cardboard, HDF furniture board, it guarantees durability and sturdiness. Its designer look blends in perfectly with modern interiors, adding a unique touch.<\/span><\/p>\n<p>&nbsp;<\/p>\n<p><span style=\"font-weight: 400;\">A scratching post with PERSONALISATION<\/span><\/p>\n<p><span style=\"font-weight: 400;\">We can engrave your pet's name and personalise the scratching post for them. Just include the name in the message.<\/span><\/p>\n<p><br style=\"font-weight: 400;\" \/><br style=\"font-weight: 400;\" \/><\/p>","protected":false},"excerpt":{"rendered":"<p><span style=\"font-weight: 400;\">Kartonowy drapak gattino, drapak z tektury Mruczek wykonany z naturalnej, wytrzyma\u0142ej tektury falistej, \u00a0p\u0142yty meblowej HDF, gwarantuje trwa\u0142o\u015b\u0107 i solidno\u015b\u0107.<\/span><\/p>\n<p><span style=\"font-weight: 400;\">Length: 37cm<\/span><\/p>\n<p><span style=\"font-weight: 400;\">Width: 29cm<\/span><\/p>\n<p><span style=\"font-weight: 400;\">Height: 15cm<\/span><\/p>\n<p>POLISH PRODUCT<\/p>","protected":false},"featured_media":2467,"comment_status":"open","ping_status":"closed","template":"","meta":{"postBodyCss":"","postBodyMargin":[],"postBodyPadding":[],"postBodyBackground":{"backgroundType":"classic","gradient":""}},"product_cat":[31],"product_tag":[],"_links":{"self":[{"href":"https:\/\/drapakigattino.pl\/en\/wp-json\/wp\/v2\/product\/1917"}],"collection":[{"href":"https:\/\/drapakigattino.pl\/en\/wp-json\/wp\/v2\/product"}],"about":[{"href":"https:\/\/drapakigattino.pl\/en\/wp-json\/wp\/v2\/types\/product"}],"replies":[{"embeddable":true,"href":"https:\/\/drapakigattino.pl\/en\/wp-json\/wp\/v2\/comments?post=1917"}],"version-history":[{"count":1,"href":"https:\/\/drapakigattino.pl\/en\/wp-json\/wp\/v2\/product\/1917\/revisions"}],"predecessor-version":[{"id":4426,"href":"https:\/\/drapakigattino.pl\/en\/wp-json\/wp\/v2\/product\/1917\/revisions\/4426"}],"wp:featuredmedia":[{"embeddable":true,"href":"https:\/\/drapakigattino.pl\/en\/wp-json\/wp\/v2\/media\/2467"}],"wp:attachment":[{"href":"https:\/\/drapakigattino.pl\/en\/wp-json\/wp\/v2\/media?parent=1917"}],"wp:term":[{"taxonomy":"product_cat","embeddable":true,"href":"https:\/\/drapakigattino.pl\/en\/wp-json\/wp\/v2\/product_cat?post=1917"},{"taxonomy":"product_tag","embeddable":true,"href":"https:\/\/drapakigattino.pl\/en\/wp-json\/wp\/v2\/product_tag?post=1917"}],"curies":[{"name":"wp","href":"https:\/\/api.w.org\/{rel}","templated":true}]}}