{"id":2547,"date":"2024-07-03T16:27:50","date_gmt":"2024-07-03T16:27:50","guid":{"rendered":"https:\/\/drapakigattino.pl\/?post_type=product&#038;p=2547"},"modified":"2024-12-13T10:43:16","modified_gmt":"2024-12-13T10:43:16","slug":"rona-bialy-hdf","status":"publish","type":"product","link":"https:\/\/drapakigattino.pl\/en\/product\/rona-bialy-hdf\/","title":{"rendered":"Rona White HDF"},"content":{"rendered":"<h2>Rona scratching post<\/h2>\n<p><span style=\"font-weight: 400;\">Cardboard scratching post by Gattino.  Ideal for small kittens. Designed to meet the daily needs of your pet. Made from natural, durable corrugated cardboard, HDF furniture board, guarantees durability and sturdiness. Its designer look blends in perfectly with modern interiors, adding a unique touch.<\/span><\/p>\n<p>&nbsp;<\/p>\n<p><span style=\"font-weight: 400;\">A scratching post with PERSONALISATION<\/span><\/p>\n<p><span style=\"font-weight: 400;\">We can engrave your pet's name and personalise the scratching post for them. Just include the name in the message.<\/span><\/p>\n<p><br style=\"font-weight: 400;\" \/><br style=\"font-weight: 400;\" \/><\/p>","protected":false},"excerpt":{"rendered":"<p><span style=\"font-weight: 400;\">The scratching post is made of natural, durable corrugated cardboard, HDF furniture board and guarantees durability and robustness.<\/span><\/p>\n<p><b>WYMIARY DRAPAKA:<\/b><\/p>\n<p>Szeroko\u015b\u0107 podstawy:\u00a0<b>42cm<\/b><\/p>\n<p>Wysoko\u015b\u0107:\u00a0<b>34cm<\/b><\/p>\n<p>D\u0142ugo\u015b\u0107\/G\u0142\u0119boko\u015b\u0107:\u00a0<b>34cm<\/b><\/p>\n<p>POLISH PRODUCT<\/p>","protected":false},"featured_media":2550,"comment_status":"open","ping_status":"closed","template":"","meta":{"postBodyCss":"","postBodyMargin":[],"postBodyPadding":[],"postBodyBackground":{"backgroundType":"classic","gradient":""}},"product_cat":[31],"product_tag":[],"_links":{"self":[{"href":"https:\/\/drapakigattino.pl\/en\/wp-json\/wp\/v2\/product\/2547"}],"collection":[{"href":"https:\/\/drapakigattino.pl\/en\/wp-json\/wp\/v2\/product"}],"about":[{"href":"https:\/\/drapakigattino.pl\/en\/wp-json\/wp\/v2\/types\/product"}],"replies":[{"embeddable":true,"href":"https:\/\/drapakigattino.pl\/en\/wp-json\/wp\/v2\/comments?post=2547"}],"version-history":[{"count":0,"href":"https:\/\/drapakigattino.pl\/en\/wp-json\/wp\/v2\/product\/2547\/revisions"}],"wp:featuredmedia":[{"embeddable":true,"href":"https:\/\/drapakigattino.pl\/en\/wp-json\/wp\/v2\/media\/2550"}],"wp:attachment":[{"href":"https:\/\/drapakigattino.pl\/en\/wp-json\/wp\/v2\/media?parent=2547"}],"wp:term":[{"taxonomy":"product_cat","embeddable":true,"href":"https:\/\/drapakigattino.pl\/en\/wp-json\/wp\/v2\/product_cat?post=2547"},{"taxonomy":"product_tag","embeddable":true,"href":"https:\/\/drapakigattino.pl\/en\/wp-json\/wp\/v2\/product_tag?post=2547"}],"curies":[{"name":"wp","href":"https:\/\/api.w.org\/{rel}","templated":true}]}}