{"id":4247,"date":"2025-05-15T20:31:25","date_gmt":"2025-05-15T20:31:25","guid":{"rendered":"https:\/\/drapakigattino.pl\/?post_type=product&#038;p=4247"},"modified":"2026-03-21T19:00:09","modified_gmt":"2026-03-21T19:00:09","slug":"abi-bialy-hdf","status":"publish","type":"product","link":"https:\/\/drapakigattino.pl\/en\/product\/abi-bialy-hdf\/","title":{"rendered":"Abi Bia\u0142y HDF"},"content":{"rendered":"<h2>Drapak Abi<\/h2>\n<p>Wielofunkcyjny tekturowy drapak i legowisko dla kota marki Gattino \u2013 idealne rozwi\u0105zanie dla Twojego pupila<\/p>\n<p>Szukasz funkcjonalnego i trwa\u0142ego drapaka dla kota? Nasz tekturowy drapak Abi to doskona\u0142y wyb\u00f3r! Zapewnia naturalne miejsce do drapania, ostrzenia pazurk\u00f3w oraz komfortowe legowisko dla Twojego kota. Wykonany z wysokiej jako\u015bci, ekologicznej tektury falistej oraz bia\u0142ej p\u0142yty meblowej HDF, gwarantuje wytrzyma\u0142o\u015b\u0107 i d\u0142ugotrwa\u0142e u\u017cytkowanie. Nowoczesny, designerski wygl\u0105d \u015bwietnie komponuje si\u0119 z nowoczesnym wn\u0119trzem, dodaj\u0105c mu stylowego charakteru. Idealny dla kot\u00f3w du\u017cych ras, kt\u00f3re potrzebuj\u0105 naturalnego i bezpiecznego miejsca do drapania i odpoczynku. Kup tekturowy drapak Gattino i zadbaj o zadowolenie swojego kota!<\/p>\n<p>&nbsp;<\/p>\n<p><span style=\"font-weight: 400;\">A scratching post with PERSONALISATION<\/span><\/p>\n<p><span style=\"font-weight: 400;\">We can engrave your pet's name and personalise the scratching post for them. Just include the name in the message.<\/span><\/p>","protected":false},"excerpt":{"rendered":"<h3>Drapak Abi Bia\u0142y<\/h3>\n<p>Drapak z tektury Abi \u2013 idealny dla du\u017cych ras kot\u00f3w, \u015bwietne legowisko i kryj\u00f3wka<\/p>\n<h3>Dimensions:<\/h3>\n<p class=\"p1\">D\u0142ugo\u015b\u0107\/G\u0142\u0119boko\u015b\u0107: 47cm<\/p>\n<p class=\"p1\">Szeroko\u015b\u0107: 74cm<\/p>\n<p class=\"p1\">Wysoko\u015b\u0107: 36m<\/p>","protected":false},"featured_media":4250,"comment_status":"open","ping_status":"closed","template":"","meta":{"postBodyCss":"","postBodyMargin":[],"postBodyPadding":[],"postBodyBackground":{"backgroundType":"classic","gradient":""}},"product_cat":[31,25],"product_tag":[59,58,50,53,70,51,52,57,55,54,60,61,62,63,56],"_links":{"self":[{"href":"https:\/\/drapakigattino.pl\/en\/wp-json\/wp\/v2\/product\/4247"}],"collection":[{"href":"https:\/\/drapakigattino.pl\/en\/wp-json\/wp\/v2\/product"}],"about":[{"href":"https:\/\/drapakigattino.pl\/en\/wp-json\/wp\/v2\/types\/product"}],"replies":[{"embeddable":true,"href":"https:\/\/drapakigattino.pl\/en\/wp-json\/wp\/v2\/comments?post=4247"}],"version-history":[{"count":1,"href":"https:\/\/drapakigattino.pl\/en\/wp-json\/wp\/v2\/product\/4247\/revisions"}],"predecessor-version":[{"id":4253,"href":"https:\/\/drapakigattino.pl\/en\/wp-json\/wp\/v2\/product\/4247\/revisions\/4253"}],"wp:featuredmedia":[{"embeddable":true,"href":"https:\/\/drapakigattino.pl\/en\/wp-json\/wp\/v2\/media\/4250"}],"wp:attachment":[{"href":"https:\/\/drapakigattino.pl\/en\/wp-json\/wp\/v2\/media?parent=4247"}],"wp:term":[{"taxonomy":"product_cat","embeddable":true,"href":"https:\/\/drapakigattino.pl\/en\/wp-json\/wp\/v2\/product_cat?post=4247"},{"taxonomy":"product_tag","embeddable":true,"href":"https:\/\/drapakigattino.pl\/en\/wp-json\/wp\/v2\/product_tag?post=4247"}],"curies":[{"name":"wp","href":"https:\/\/api.w.org\/{rel}","templated":true}]}}