{"id":4370,"date":"2025-05-16T21:27:55","date_gmt":"2025-05-16T21:27:55","guid":{"rendered":"https:\/\/drapakigattino.pl\/?post_type=product&#038;p=4370"},"modified":"2026-02-24T17:17:58","modified_gmt":"2026-02-24T17:17:58","slug":"biszkopt-wenge-hdf","status":"publish","type":"product","link":"https:\/\/drapakigattino.pl\/en\/product\/biszkopt-wenge-hdf\/","title":{"rendered":"Biszkopt Wenge HDF"},"content":{"rendered":"<h2>Drapak Biszkopt &#8211; Wenge<\/h2>\n<p>Drapak i legowisko dla kota marki Gattino \u2013 idealne rozwi\u0105zanie dla Twojego pupila<\/p>\n<p>Szukasz funkcjonalnego i trwa\u0142ego drapaka dla kota? Nasz tekturowy drapak Biszkopt to doskona\u0142y wyb\u00f3r! Zapewnia naturalne miejsce do drapania, ostrzenia pazurk\u00f3w oraz komfortowe legowisko dla Twojego kota. Wykonany z wysokiej jako\u015bci, ekologicznej tektury falistej oraz p\u0142yty meblowej HDF, gwarantuje wytrzyma\u0142o\u015b\u0107 i d\u0142ugotrwa\u0142e u\u017cytkowanie. Nowoczesny, designerski wygl\u0105d \u015bwietnie komponuje si\u0119 z nowoczesnym wn\u0119trzem, dodaj\u0105c mu stylowego charakteru. Idealny dla kot\u00f3w du\u017cych ras, kt\u00f3re potrzebuj\u0105 naturalnego i bezpiecznego miejsca do drapania i odpoczynku. Kup tekturowy drapak Gattino i zadbaj o zadowolenie swojego kota!<\/p>\n<p><span style=\"font-weight: 400;\">A scratching post with PERSONALISATION<\/span><\/p>\n<p><span style=\"font-weight: 400;\">Mo\u017cemy wygrawerowa\u0107 imi\u0119 Twojego pupila i spersonalizowa\u0107 dla niego drapak. Wystarczy poda\u0107 imi\u0119 w wiadomo\u015bci<\/span><\/p>\n<p>&nbsp;<\/p>","protected":false},"excerpt":{"rendered":"<h3>Drapak Biszkopt Wenge<\/h3>\n<p>Szukasz funkcjonalnego drapaka?\u00a0 Drapak Biszkopt jest wykonany z ekologicznej tektury, zapewnia naturalne miejsce do drapania, ostrzenia pazurk\u00f3w oraz komfortowe legowisko dla Twojego kota.<\/p>\n<h3>Dimensions:<\/h3>\n<p class=\"p1\">Szeroko\u015b\u0107: 64cm<\/p>\n<p class=\"p1\">Wysoko\u015b\u0107: 26cm<\/p>\n<p>D\u0142ugo\u015b\u0107\/G\u0142\u0119boko\u015b\u0107: 47cm<\/p>","protected":false},"featured_media":4371,"comment_status":"open","ping_status":"closed","template":"","meta":{"postBodyCss":"","postBodyMargin":[],"postBodyPadding":[],"postBodyBackground":{"backgroundType":"classic","gradient":""}},"product_cat":[31,25],"product_tag":[59,58,79,81,50,90,96,51,52,75,57,78,77,55,54,92,80,60,61,62,63,76],"_links":{"self":[{"href":"https:\/\/drapakigattino.pl\/en\/wp-json\/wp\/v2\/product\/4370"}],"collection":[{"href":"https:\/\/drapakigattino.pl\/en\/wp-json\/wp\/v2\/product"}],"about":[{"href":"https:\/\/drapakigattino.pl\/en\/wp-json\/wp\/v2\/types\/product"}],"replies":[{"embeddable":true,"href":"https:\/\/drapakigattino.pl\/en\/wp-json\/wp\/v2\/comments?post=4370"}],"version-history":[{"count":0,"href":"https:\/\/drapakigattino.pl\/en\/wp-json\/wp\/v2\/product\/4370\/revisions"}],"wp:featuredmedia":[{"embeddable":true,"href":"https:\/\/drapakigattino.pl\/en\/wp-json\/wp\/v2\/media\/4371"}],"wp:attachment":[{"href":"https:\/\/drapakigattino.pl\/en\/wp-json\/wp\/v2\/media?parent=4370"}],"wp:term":[{"taxonomy":"product_cat","embeddable":true,"href":"https:\/\/drapakigattino.pl\/en\/wp-json\/wp\/v2\/product_cat?post=4370"},{"taxonomy":"product_tag","embeddable":true,"href":"https:\/\/drapakigattino.pl\/en\/wp-json\/wp\/v2\/product_tag?post=4370"}],"curies":[{"name":"wp","href":"https:\/\/api.w.org\/{rel}","templated":true}]}}